{"id":32,"date":"2021-10-15T18:26:24","date_gmt":"2021-10-15T18:26:24","guid":{"rendered":"http:\/\/www.veetiraunio.fi\/?page_id=32"},"modified":"2025-12-02T18:12:06","modified_gmt":"2025-12-02T15:12:06","slug":"etusivu","status":"publish","type":"page","link":"https:\/\/www.veetiraunio.fi\/","title":{"rendered":"Etusivu"},"content":{"rendered":"\n<figure class=\"wp-block-image size-large\"><img loading=\"lazy\" decoding=\"async\" width=\"1024\" height=\"683\" src=\"https:\/\/www.veetiraunio.fi\/wp-content\/uploads\/2021\/10\/IMG_4791-1024x683.jpg\" alt=\"\" class=\"wp-image-71\" srcset=\"https:\/\/www.veetiraunio.fi\/wp-content\/uploads\/2021\/10\/IMG_4791-1024x683.jpg 1024w, https:\/\/www.veetiraunio.fi\/wp-content\/uploads\/2021\/10\/IMG_4791-300x200.jpg 300w, https:\/\/www.veetiraunio.fi\/wp-content\/uploads\/2021\/10\/IMG_4791-768x512.jpg 768w, https:\/\/www.veetiraunio.fi\/wp-content\/uploads\/2021\/10\/IMG_4791-1536x1024.jpg 1536w, https:\/\/www.veetiraunio.fi\/wp-content\/uploads\/2021\/10\/IMG_4791-2048x1365.jpg 2048w, https:\/\/www.veetiraunio.fi\/wp-content\/uploads\/2021\/10\/IMG_4791-1568x1045.jpg 1568w\" sizes=\"auto, (max-width: 1024px) 100vw, 1024px\" \/><\/figure>\n\n\n\n<p>Hei,<br>Olen koulutettu hieroja Veeti Raunio ja toimipisteeni sijaitsee Pirkkalan Partolassa, Isom\u00e4enkuja 6:ssa.<\/p>\n\n\n\n<p>Hieronnassa v\u00e4syneet ja kire\u00e4t lihakset palautuvat, aineenvaihdunta tehostuu, liikeradat pystyv\u00e4t laajentumaan ja koko keho sek\u00e4 mieli virkistyy.<\/p>\n\n\n\n<p>Teen sek\u00e4 klassista hierontaa ett\u00e4 urheiluhierontaa.<\/p>\n\n\n\n<p>Mik\u00e4li saavut hierontaan autolla, voit t\u00e4ll\u00f6in k\u00e4ytt\u00e4\u00e4 taloyhti\u00f6n pihassa olevaa tolppapaikkaa numero 10.<\/p>\n\n\n\n<p>L\u00e4mpim\u00e4sti tervetuloa hierontaan!<\/p>\n","protected":false},"excerpt":{"rendered":"<p>Hei,Olen koulutettu hieroja Veeti Raunio ja toimipisteeni sijaitsee Pirkkalan Partolassa, Isom\u00e4enkuja 6:ssa. Hieronnassa v\u00e4syneet ja kire\u00e4t lihakset palautuvat, aineenvaihdunta tehostuu, liikeradat pystyv\u00e4t laajentumaan ja koko keho sek\u00e4 mieli virkistyy. Teen &hellip; <\/p>\n","protected":false},"author":1,"featured_media":0,"parent":0,"menu_order":0,"comment_status":"closed","ping_status":"closed","template":"","meta":{"_monsterinsights_skip_tracking":false,"_monsterinsights_sitenote_active":false,"_monsterinsights_sitenote_note":"","_monsterinsights_sitenote_category":0,"footnotes":""},"class_list":["post-32","page","type-page","status-publish","hentry"],"aioseo_notices":[],"_links":{"self":[{"href":"https:\/\/www.veetiraunio.fi\/index.php\/wp-json\/wp\/v2\/pages\/32","targetHints":{"allow":["GET"]}}],"collection":[{"href":"https:\/\/www.veetiraunio.fi\/index.php\/wp-json\/wp\/v2\/pages"}],"about":[{"href":"https:\/\/www.veetiraunio.fi\/index.php\/wp-json\/wp\/v2\/types\/page"}],"author":[{"embeddable":true,"href":"https:\/\/www.veetiraunio.fi\/index.php\/wp-json\/wp\/v2\/users\/1"}],"replies":[{"embeddable":true,"href":"https:\/\/www.veetiraunio.fi\/index.php\/wp-json\/wp\/v2\/comments?post=32"}],"version-history":[{"count":18,"href":"https:\/\/www.veetiraunio.fi\/index.php\/wp-json\/wp\/v2\/pages\/32\/revisions"}],"predecessor-version":[{"id":260,"href":"https:\/\/www.veetiraunio.fi\/index.php\/wp-json\/wp\/v2\/pages\/32\/revisions\/260"}],"wp:attachment":[{"href":"https:\/\/www.veetiraunio.fi\/index.php\/wp-json\/wp\/v2\/media?parent=32"}],"curies":[{"name":"wp","href":"https:\/\/api.w.org\/{rel}","templated":true}]}}