{"id":152,"date":"2021-10-25T08:05:44","date_gmt":"2021-10-25T08:05:44","guid":{"rendered":"https:\/\/www.veetiraunio.fi\/?page_id=152"},"modified":"2023-02-07T20:28:30","modified_gmt":"2023-02-07T17:28:30","slug":"yhteystiedot","status":"publish","type":"page","link":"https:\/\/www.veetiraunio.fi\/index.php\/yhteystiedot\/","title":{"rendered":"Yhteystiedot"},"content":{"rendered":"\n<p><strong>Puhelin<\/strong><br>0503273123<\/p>\n\n\n\n<p><strong>S\u00e4hk\u00f6posti<\/strong><br>veeti.hieroja@hotmail.com <\/p>\n\n\n\n<p><strong>Osoite<\/strong><br>Isom\u00e4enkuja 6 A1, 33950 Pirkkala<\/p>\n\n\n\n<p>Asiakkailleni on k\u00e4yt\u00f6ss\u00e4 k\u00e4ynnin aikana tolppapaikka numero 10. Paikka sijaitsee rakennuksen takaoven l\u00e4heisyydess\u00e4. Takaovella ei ole ovisummeria vaan se l\u00f6ytyy rakennuksen p\u00e4\u00e4ovelta.<\/p>\n\n\n\n<iframe src=\"https:\/\/www.google.com\/maps\/embed?pb=!1m18!1m12!1m3!1d476.3659052844601!2d23.710862829284547!3d61.47243193939055!2m3!1f0!2f0!3f0!3m2!1i1024!2i768!4f13.1!3m3!1m2!1s0x468ed90ed73fa837%3A0x496cc6524daf5e0b!2sKoulutettu%20hieroja%20Veeti%20Raunio!5e0!3m2!1sfi!2sfi!4v1635148857469!5m2!1sfi!2sfi\" width=\"600\" height=\"450\" style=\"border:0;\" allowfullscreen=\"\" loading=\"lazy\"><\/iframe>\n","protected":false},"excerpt":{"rendered":"<p>Puhelin0503273123 S\u00e4hk\u00f6postiveeti.hieroja@hotmail.com OsoiteIsom\u00e4enkuja 6 A1, 33950 Pirkkala Asiakkailleni on k\u00e4yt\u00f6ss\u00e4 k\u00e4ynnin aikana tolppapaikka numero 10. Paikka sijaitsee rakennuksen takaoven l\u00e4heisyydess\u00e4. Takaovella ei ole ovisummeria vaan se l\u00f6ytyy rakennuksen p\u00e4\u00e4ovelta.<\/p>\n","protected":false},"author":1,"featured_media":0,"parent":0,"menu_order":0,"comment_status":"closed","ping_status":"closed","template":"","meta":{"_monsterinsights_skip_tracking":false,"_monsterinsights_sitenote_active":false,"_monsterinsights_sitenote_note":"","_monsterinsights_sitenote_category":0,"footnotes":""},"class_list":["post-152","page","type-page","status-publish","hentry"],"aioseo_notices":[],"_links":{"self":[{"href":"https:\/\/www.veetiraunio.fi\/index.php\/wp-json\/wp\/v2\/pages\/152","targetHints":{"allow":["GET"]}}],"collection":[{"href":"https:\/\/www.veetiraunio.fi\/index.php\/wp-json\/wp\/v2\/pages"}],"about":[{"href":"https:\/\/www.veetiraunio.fi\/index.php\/wp-json\/wp\/v2\/types\/page"}],"author":[{"embeddable":true,"href":"https:\/\/www.veetiraunio.fi\/index.php\/wp-json\/wp\/v2\/users\/1"}],"replies":[{"embeddable":true,"href":"https:\/\/www.veetiraunio.fi\/index.php\/wp-json\/wp\/v2\/comments?post=152"}],"version-history":[{"count":5,"href":"https:\/\/www.veetiraunio.fi\/index.php\/wp-json\/wp\/v2\/pages\/152\/revisions"}],"predecessor-version":[{"id":233,"href":"https:\/\/www.veetiraunio.fi\/index.php\/wp-json\/wp\/v2\/pages\/152\/revisions\/233"}],"wp:attachment":[{"href":"https:\/\/www.veetiraunio.fi\/index.php\/wp-json\/wp\/v2\/media?parent=152"}],"curies":[{"name":"wp","href":"https:\/\/api.w.org\/{rel}","templated":true}]}}